{"id":59,"date":"2025-08-14T10:33:36","date_gmt":"2025-08-14T10:33:36","guid":{"rendered":"https:\/\/eileenfitzpatrick.com\/?page_id=59"},"modified":"2026-01-31T13:05:20","modified_gmt":"2026-01-31T13:05:20","slug":"home","status":"publish","type":"page","link":"https:\/\/eileenfitzpatrick.com\/","title":{"rendered":"Investir dans l\u2019immobilier : mon exp\u00e9rience et mes conseils"},"content":{"rendered":"\n<p>L\u2019immobilier a toujours \u00e9t\u00e9 au c\u0153ur de mes centres d\u2019int\u00e9r\u00eat. Depuis que j\u2019ai achet\u00e9 mon premier appartement il y a plus de dix ans, j\u2019ai compris que ce secteur ne se limitait pas \u00e0 la simple acquisition d\u2019un bien.C\u2019est un v\u00e9ritable \u00e9cosyst\u00e8me o\u00f9 se croisent rentabilit\u00e9, strat\u00e9gie et vision \u00e0 long terme.<\/p>\n\n\n\n<h2 class=\"wp-block-heading\">Pourquoi l\u2019immobilier reste une valeur s\u00fbre<\/h2>\n\n\n\n<p>Peu d\u2019investissements offrent un \u00e9quilibre aussi int\u00e9ressant entre s\u00e9curit\u00e9, rendement et potentiel de plus-value. Contrairement aux march\u00e9s financiers, un bien immobilier est tangible et r\u00e9pond \u00e0 un besoin fondamental : se loger. M\u00eame en p\u00e9riode de crise, la demande de logements reste pr\u00e9sente, ce qui prot\u00e8ge en partie la valeur de l\u2019investissement. <\/p>\n\n\n\n<p>De plus, l\u2019immobilier permet de profiter de l\u2019effet de levier du cr\u00e9dit. En investissant avec un financement bancaire, il est possible de faire travailler l\u2019argent de la banque tout en g\u00e9n\u00e9rant des revenus locatifs.<\/p>\n\n\n\n<h2 class=\"wp-block-heading\">Les diff\u00e9rents types d\u2019investissement immobilier<br><\/h2>\n\n\n\n<p>L\u2019immobilier ne se limite pas \u00e0 l\u2019achat d\u2019un appartement pour le louer. Plusieurs approches coexistent :<\/p>\n\n\n\n<ul class=\"wp-block-list\">\n<li><strong>La location longue dur\u00e9e<\/strong> : classique et stable, elle assure des revenus r\u00e9guliers avec peu de rotation de locataires.<\/li>\n\n\n\n<li><strong>La location meubl\u00e9e<\/strong> : plus rentable mais demandant une gestion plus active.<\/li>\n\n\n\n<li><strong>La location saisonni\u00e8re<\/strong> : adapt\u00e9e aux zones touristiques, elle maximise les revenus \u00e0 condition d\u2019accepter une forte rotation et plus de gestion.<\/li>\n\n\n\n<li><strong>L\u2019achat-revente<\/strong> : acheter un bien \u00e0 r\u00e9nover ou sous-\u00e9valu\u00e9, le remettre en \u00e9tat et le revendre avec une plus-value.<\/li>\n\n\n\n<li><strong>L\u2019investissement indirect<\/strong> : via des SCPI ou le crowdfunding immobilier, permettant d\u2019investir sans g\u00e9rer directement de biens.<\/li>\n<\/ul>\n\n\n\n<p>Chaque strat\u00e9gie demande une analyse pr\u00e9cise de la fiscalit\u00e9, du march\u00e9 local et de la gestion.<\/p>\n\n\n\n<h2 class=\"wp-block-heading\">Les crit\u00e8res cl\u00e9s pour r\u00e9ussir<br><\/h2>\n\n\n\n<p>L\u2019emplacement est souvent cit\u00e9 comme le facteur num\u00e9ro un de r\u00e9ussite, et c\u2019est vrai. Un bien situ\u00e9 dans une zone dynamique, bien desservie par les transports et proche des commodit\u00e9s aura plus de chances de se louer rapidement et de prendre de la valeur.<\/p>\n\n\n\n<p>Le calcul de rentabilit\u00e9 est aussi essentiel : il ne faut pas se limiter au prix d\u2019achat et au loyer potentiel, mais int\u00e9grer toutes les charges, la fiscalit\u00e9, l\u2019entretien et les \u00e9ventuelles vacances locatives.<\/p>\n\n\n\n<p>Enfin, la capacit\u00e9 \u00e0 n\u00e9gocier, que ce soit \u00e0 l\u2019achat ou avec les artisans lors de travaux, peut faire une grande diff\u00e9rence sur la rentabilit\u00e9 finale.<\/p>\n\n\n\n<h2 class=\"wp-block-heading\">Les nouvelles tendances immobili\u00e8res<br><\/h2>\n\n\n\n<p>Ces derni\u00e8res ann\u00e9es, plusieurs tendances se dessinent :<\/p>\n\n\n\n<ul class=\"wp-block-list\">\n<li>La recherche de biens avec un bon diagnostic \u00e9nerg\u00e9tique.<\/li>\n\n\n\n<li>L\u2019attrait pour les villes moyennes bien connect\u00e9es aux grandes m\u00e9tropoles.<\/li>\n\n\n\n<li>L\u2019int\u00e9r\u00eat croissant pour les r\u00e9sidences partag\u00e9es ou les colocations bien organis\u00e9es.<\/li>\n<\/ul>\n\n\n\n<p>Ces \u00e9volutions montrent que le march\u00e9 s\u2019adapte aux changements \u00e9conomiques, sociaux et environnementaux.<\/p>\n\n\n\n<h2 class=\"wp-block-heading\">Conclusion<\/h2>\n\n\n\n<p>Investir dans l\u2019immobilier n\u2019est pas r\u00e9serv\u00e9 aux experts. Avec un peu de pr\u00e9paration, de bonnes sources d\u2019information et une vision \u00e0 long terme, il est possible de b\u00e2tir un patrimoine solide et durable. Je continuerai de partager ici mes d\u00e9couvertes, mes bons plans et mes retours d\u2019exp\u00e9rience pour aider ceux qui souhaitent franchir le pas.<\/p>\n\n\n\n<p><\/p>\n","protected":false},"excerpt":{"rendered":"<p>L\u2019immobilier a toujours \u00e9t\u00e9 au c\u0153ur de mes centres d\u2019int\u00e9r\u00eat. Depuis que j\u2019ai achet\u00e9 mon premier appartement il y a plus de dix ans, j\u2019ai compris que ce secteur ne se limitait pas \u00e0 la simple acquisition d\u2019un bien.C\u2019est un v\u00e9ritable \u00e9cosyst\u00e8me o\u00f9 se croisent rentabilit\u00e9, strat\u00e9gie et vision \u00e0 long terme. Pourquoi l\u2019immobilier reste &#8230; <\/p>\n<p class=\"read-more-container\"><a title=\"Investir dans l\u2019immobilier : mon exp\u00e9rience et mes conseils\" class=\"read-more button\" href=\"https:\/\/eileenfitzpatrick.com\/#more-59\" aria-label=\"En savoir plus sur Investir dans l\u2019immobilier : mon exp\u00e9rience et mes conseils\">Lire plus<\/a><\/p>\n","protected":false},"author":1,"featured_media":0,"parent":0,"menu_order":0,"comment_status":"closed","ping_status":"closed","template":"","meta":{"footnotes":""},"class_list":{"0":"post-59","1":"page","2":"type-page","3":"status-publish","5":"no-featured-image-padding"},"_links":{"self":[{"href":"https:\/\/eileenfitzpatrick.com\/index.php?rest_route=\/wp\/v2\/pages\/59","targetHints":{"allow":["GET"]}}],"collection":[{"href":"https:\/\/eileenfitzpatrick.com\/index.php?rest_route=\/wp\/v2\/pages"}],"about":[{"href":"https:\/\/eileenfitzpatrick.com\/index.php?rest_route=\/wp\/v2\/types\/page"}],"author":[{"embeddable":true,"href":"https:\/\/eileenfitzpatrick.com\/index.php?rest_route=\/wp\/v2\/users\/1"}],"replies":[{"embeddable":true,"href":"https:\/\/eileenfitzpatrick.com\/index.php?rest_route=%2Fwp%2Fv2%2Fcomments&post=59"}],"version-history":[{"count":7,"href":"https:\/\/eileenfitzpatrick.com\/index.php?rest_route=\/wp\/v2\/pages\/59\/revisions"}],"predecessor-version":[{"id":68,"href":"https:\/\/eileenfitzpatrick.com\/index.php?rest_route=\/wp\/v2\/pages\/59\/revisions\/68"}],"wp:attachment":[{"href":"https:\/\/eileenfitzpatrick.com\/index.php?rest_route=%2Fwp%2Fv2%2Fmedia&parent=59"}],"curies":[{"name":"wp","href":"https:\/\/api.w.org\/{rel}","templated":true}]}}